{"id":400,"date":"2023-01-13T09:22:53","date_gmt":"2023-01-13T09:22:53","guid":{"rendered":"https:\/\/ce.polsl.pl\/?page_id=400"},"modified":"2023-03-18T11:03:24","modified_gmt":"2023-03-18T11:03:24","slug":"aktualnosci","status":"publish","type":"page","link":"https:\/\/ce.polsl.pl\/index.php\/aktualnosci\/","title":{"rendered":"Aktualno\u015bci"},"content":{"rendered":"\t\t<div data-elementor-type=\"wp-page\" data-elementor-id=\"400\" class=\"elementor elementor-400\">\n\t\t\t\t\t\t<section class=\"elementor-section elementor-top-section elementor-element elementor-element-dab26e4 elementor-section-boxed elementor-section-height-default elementor-section-height-default\" data-id=\"dab26e4\" data-element_type=\"section\">\n\t\t\t\t\t\t<div class=\"elementor-container elementor-column-gap-default\">\n\t\t\t\t\t<div class=\"elementor-column elementor-col-100 elementor-top-column elementor-element elementor-element-c81257b\" data-id=\"c81257b\" data-element_type=\"column\">\n\t\t\t<div class=\"elementor-widget-wrap elementor-element-populated\">\n\t\t\t\t\t\t<div class=\"elementor-element elementor-element-77b921d elementor-grid-3 elementor-grid-tablet-2 elementor-grid-mobile-1 elementor-posts--thumbnail-top elementor-posts--show-avatar elementor-card-shadow-yes elementor-posts__hover-gradient elementor-widget elementor-widget-posts\" data-id=\"77b921d\" data-element_type=\"widget\" data-settings=\"{&quot;cards_columns&quot;:&quot;3&quot;,&quot;cards_columns_tablet&quot;:&quot;2&quot;,&quot;cards_columns_mobile&quot;:&quot;1&quot;,&quot;cards_row_gap&quot;:{&quot;unit&quot;:&quot;px&quot;,&quot;size&quot;:35,&quot;sizes&quot;:[]},&quot;cards_row_gap_tablet&quot;:{&quot;unit&quot;:&quot;px&quot;,&quot;size&quot;:&quot;&quot;,&quot;sizes&quot;:[]},&quot;cards_row_gap_mobile&quot;:{&quot;unit&quot;:&quot;px&quot;,&quot;size&quot;:&quot;&quot;,&quot;sizes&quot;:[]}}\" data-widget_type=\"posts.cards\">\n\t\t\t\t<div class=\"elementor-widget-container\">\n\t\t\t\t\t\t\t<div class=\"elementor-posts-container elementor-posts elementor-posts--skin-cards elementor-grid\">\n\t\t\t\t<article class=\"elementor-post elementor-grid-item post-1350 post type-post status-publish format-standard hentry category-uncategorized\">\n\t\t\t<div class=\"elementor-post__card\">\n\t\t\t\t<div class=\"elementor-post__text\">\n\t\t\t\t<h3 class=\"elementor-post__title\">\n\t\t\t<a href=\"https:\/\/ce.polsl.pl\/index.php\/wspolpraca-z-i-lo-im-jana-smolenia-w-bytomiu-w-ramach-olimpiady-zwolnieni-z-teorii\/\" >\n\t\t\t\tWsp\u00f3\u0142praca z I LO im. Ja\u00adna Smo\u00adle\u00adnia w By\u00adto\u00admiu w ramach olimpiady &#8220;Zwolnieni z teorii&#8221;\t\t\t<\/a>\n\t\t<\/h3>\n\t\t\t\t<div class=\"elementor-post__excerpt\">\n\t\t\t<p>Mi\u0142o nam poinformowa\u0107, \u017ce w minionych tygodniach SKN Control Engineers mia\u0142o przyjemno\u015b\u0107 wsp\u00f3\u0142pracowa\u0107 z uczniami I Liceum Og\u00f3lnokszta\u0142c\u0105cego w Bytomiu. Nasi studenci zaanga\u017cowali si\u0119 w<\/p>\n\t\t<\/div>\n\t\t\t\t\t<a class=\"elementor-post__read-more\" href=\"https:\/\/ce.polsl.pl\/index.php\/wspolpraca-z-i-lo-im-jana-smolenia-w-bytomiu-w-ramach-olimpiady-zwolnieni-z-teorii\/\" >\n\t\t\t\tWi\u0119cej \u00bb\t\t\t<\/a>\n\t\t\t\t<\/div>\n\t\t\t\t<div class=\"elementor-post__meta-data\">\n\t\t\t\t\t<span class=\"elementor-post-date\">\n\t\t\t04\/19\/2026\t\t<\/span>\n\t\t\t\t<span class=\"elementor-post-avatar\">\n\t\t\tNo Comments\t\t<\/span>\n\t\t\t\t<\/div>\n\t\t\t\t\t<\/div>\n\t\t<\/article>\n\t\t\t\t<article class=\"elementor-post elementor-grid-item post-1171 post type-post status-publish format-standard has-post-thumbnail hentry category-uncategorized\">\n\t\t\t<div class=\"elementor-post__card\">\n\t\t\t\t<a class=\"elementor-post__thumbnail__link\" href=\"https:\/\/ce.polsl.pl\/index.php\/platforma_mobilna_amr\/\" ><div class=\"elementor-post__thumbnail\"><img fetchpriority=\"high\" decoding=\"async\" width=\"300\" height=\"225\" src=\"https:\/\/ce.polsl.pl\/wp-content\/uploads\/2024\/07\/IMG_6589-300x225.jpg\" class=\"attachment-medium size-medium wp-image-1174\" alt=\"\" srcset=\"https:\/\/ce.polsl.pl\/wp-content\/uploads\/2024\/07\/IMG_6589-300x225.jpg 300w, https:\/\/ce.polsl.pl\/wp-content\/uploads\/2024\/07\/IMG_6589-1024x768.jpg 1024w, https:\/\/ce.polsl.pl\/wp-content\/uploads\/2024\/07\/IMG_6589-768x576.jpg 768w, https:\/\/ce.polsl.pl\/wp-content\/uploads\/2024\/07\/IMG_6589-1536x1152.jpg 1536w, https:\/\/ce.polsl.pl\/wp-content\/uploads\/2024\/07\/IMG_6589-2048x1536.jpg 2048w\" sizes=\"(max-width: 300px) 100vw, 300px\" \/><\/div><\/a>\n\t\t\t\t<div class=\"elementor-post__avatar\">\n\t\t\t<img alt='Maks' src='https:\/\/secure.gravatar.com\/avatar\/b2616f69833bf3aaed1e05226fd67859fea0363230d47faab85827b15536d17a?s=128&#038;d=mm&#038;r=g' srcset='https:\/\/secure.gravatar.com\/avatar\/b2616f69833bf3aaed1e05226fd67859fea0363230d47faab85827b15536d17a?s=256&#038;d=mm&#038;r=g 2x' class='avatar avatar-128 photo' height='128' width='128' \/>\t\t<\/div>\n\t\t\t\t<div class=\"elementor-post__text\">\n\t\t\t\t<h3 class=\"elementor-post__title\">\n\t\t\t<a href=\"https:\/\/ce.polsl.pl\/index.php\/platforma_mobilna_amr\/\" >\n\t\t\t\tPlatforma mobilna AMR\t\t\t<\/a>\n\t\t<\/h3>\n\t\t\t\t<div class=\"elementor-post__excerpt\">\n\t\t\t<p>Nasz najnowszy projekt w Studenckim Kole Naukowym &#8220;Control Engineers&#8221; to du\u017ca platforma robotyczna je\u017cd\u017c\u0105ca, oparta na zaawansowanych ko\u0142ach Mecanum. Projekt ten \u0142\u0105czy najnowsze technologie w<\/p>\n\t\t<\/div>\n\t\t\t\t\t<a class=\"elementor-post__read-more\" href=\"https:\/\/ce.polsl.pl\/index.php\/platforma_mobilna_amr\/\" >\n\t\t\t\tWi\u0119cej \u00bb\t\t\t<\/a>\n\t\t\t\t<\/div>\n\t\t\t\t<div class=\"elementor-post__meta-data\">\n\t\t\t\t\t<span class=\"elementor-post-date\">\n\t\t\t07\/23\/2024\t\t<\/span>\n\t\t\t\t<span class=\"elementor-post-avatar\">\n\t\t\tNo Comments\t\t<\/span>\n\t\t\t\t<\/div>\n\t\t\t\t\t<\/div>\n\t\t<\/article>\n\t\t\t\t<article class=\"elementor-post elementor-grid-item post-902 post type-post status-publish format-standard has-post-thumbnail hentry category-uncategorized\">\n\t\t\t<div class=\"elementor-post__card\">\n\t\t\t\t<a class=\"elementor-post__thumbnail__link\" href=\"https:\/\/ce.polsl.pl\/index.php\/delta-project\/\" ><div class=\"elementor-post__thumbnail\"><img decoding=\"async\" width=\"300\" height=\"300\" src=\"https:\/\/ce.polsl.pl\/wp-content\/uploads\/2023\/01\/delta2-300x300.png\" class=\"attachment-medium size-medium wp-image-476\" alt=\"\" srcset=\"https:\/\/ce.polsl.pl\/wp-content\/uploads\/2023\/01\/delta2-300x300.png 300w, https:\/\/ce.polsl.pl\/wp-content\/uploads\/2023\/01\/delta2-150x150.png 150w, https:\/\/ce.polsl.pl\/wp-content\/uploads\/2023\/01\/delta2-768x768.png 768w, https:\/\/ce.polsl.pl\/wp-content\/uploads\/2023\/01\/delta2-100x100.png 100w, https:\/\/ce.polsl.pl\/wp-content\/uploads\/2023\/01\/delta2.png 1024w\" sizes=\"(max-width: 300px) 100vw, 300px\" \/><\/div><\/a>\n\t\t\t\t<div class=\"elementor-post__avatar\">\n\t\t\t<img alt='Krystian' src='https:\/\/secure.gravatar.com\/avatar\/6c7b5178736585ebef7193621d361a54f8ec900435d2b38171e8555311ec5538?s=128&#038;d=mm&#038;r=g' srcset='https:\/\/secure.gravatar.com\/avatar\/6c7b5178736585ebef7193621d361a54f8ec900435d2b38171e8555311ec5538?s=256&#038;d=mm&#038;r=g 2x' class='avatar avatar-128 photo' height='128' width='128' \/>\t\t<\/div>\n\t\t\t\t<div class=\"elementor-post__text\">\n\t\t\t\t<h3 class=\"elementor-post__title\">\n\t\t\t<a href=\"https:\/\/ce.polsl.pl\/index.php\/delta-project\/\" >\n\t\t\t\tProjekt robota delta z systemem wizyjnym\t\t\t<\/a>\n\t\t<\/h3>\n\t\t\t\t<div class=\"elementor-post__excerpt\">\n\t\t\t<p>Projekt robota typu delta z systemem wizyjnym Znacie kogo\u015b kto tworzy roboty takie jak w przemy\u015ble?Bo my tak i jeste\u015bmy to my W ramach wsp\u00f3\u0142pracy<\/p>\n\t\t<\/div>\n\t\t\t\t\t<a class=\"elementor-post__read-more\" href=\"https:\/\/ce.polsl.pl\/index.php\/delta-project\/\" >\n\t\t\t\tWi\u0119cej \u00bb\t\t\t<\/a>\n\t\t\t\t<\/div>\n\t\t\t\t<div class=\"elementor-post__meta-data\">\n\t\t\t\t\t<span class=\"elementor-post-date\">\n\t\t\t07\/24\/2023\t\t<\/span>\n\t\t\t\t<span class=\"elementor-post-avatar\">\n\t\t\tNo Comments\t\t<\/span>\n\t\t\t\t<\/div>\n\t\t\t\t\t<\/div>\n\t\t<\/article>\n\t\t\t\t<article class=\"elementor-post elementor-grid-item post-801 post type-post status-publish format-standard has-post-thumbnail hentry category-uncategorized\">\n\t\t\t<div class=\"elementor-post__card\">\n\t\t\t\t<a class=\"elementor-post__thumbnail__link\" href=\"https:\/\/ce.polsl.pl\/index.php\/balancer\/\" ><div class=\"elementor-post__thumbnail\"><img decoding=\"async\" width=\"300\" height=\"169\" src=\"https:\/\/ce.polsl.pl\/wp-content\/uploads\/2023\/04\/balancer-300x169.png\" class=\"attachment-medium size-medium wp-image-803\" alt=\"\" srcset=\"https:\/\/ce.polsl.pl\/wp-content\/uploads\/2023\/04\/balancer-300x169.png 300w, https:\/\/ce.polsl.pl\/wp-content\/uploads\/2023\/04\/balancer-1024x576.png 1024w, https:\/\/ce.polsl.pl\/wp-content\/uploads\/2023\/04\/balancer-768x432.png 768w, https:\/\/ce.polsl.pl\/wp-content\/uploads\/2023\/04\/balancer-1536x864.png 1536w, https:\/\/ce.polsl.pl\/wp-content\/uploads\/2023\/04\/balancer.png 1920w\" sizes=\"(max-width: 300px) 100vw, 300px\" \/><\/div><\/a>\n\t\t\t\t<div class=\"elementor-post__avatar\">\n\t\t\t<img alt='Krystian' src='https:\/\/secure.gravatar.com\/avatar\/6c7b5178736585ebef7193621d361a54f8ec900435d2b38171e8555311ec5538?s=128&#038;d=mm&#038;r=g' srcset='https:\/\/secure.gravatar.com\/avatar\/6c7b5178736585ebef7193621d361a54f8ec900435d2b38171e8555311ec5538?s=256&#038;d=mm&#038;r=g 2x' class='avatar avatar-128 photo' height='128' width='128' \/>\t\t<\/div>\n\t\t\t\t<div class=\"elementor-post__text\">\n\t\t\t\t<h3 class=\"elementor-post__title\">\n\t\t\t<a href=\"https:\/\/ce.polsl.pl\/index.php\/balancer\/\" >\n\t\t\t\tBalancer\t\t\t<\/a>\n\t\t<\/h3>\n\t\t\t\t<div class=\"elementor-post__excerpt\">\n\t\t\t<p>Projekt &#8220;Balancer&#8221; &#8211; platforma balansuj\u0105ca po\u0142o\u017cenie kulki Jednym z naszych pierwszych projekt\u00f3w w kole by\u0142a platforma balansuj\u0105ca po\u0142o\u017cenie kulki, kt\u00f3r\u0105 nazwali\u015bmy Balancerem. Celem naszego projektu<\/p>\n\t\t<\/div>\n\t\t\t\t\t<a class=\"elementor-post__read-more\" href=\"https:\/\/ce.polsl.pl\/index.php\/balancer\/\" >\n\t\t\t\tWi\u0119cej \u00bb\t\t\t<\/a>\n\t\t\t\t<\/div>\n\t\t\t\t<div class=\"elementor-post__meta-data\">\n\t\t\t\t\t<span class=\"elementor-post-date\">\n\t\t\t04\/17\/2023\t\t<\/span>\n\t\t\t\t<span class=\"elementor-post-avatar\">\n\t\t\tNo Comments\t\t<\/span>\n\t\t\t\t<\/div>\n\t\t\t\t\t<\/div>\n\t\t<\/article>\n\t\t\t\t<article class=\"elementor-post elementor-grid-item post-774 post type-post status-publish format-standard has-post-thumbnail hentry category-uncategorized\">\n\t\t\t<div class=\"elementor-post__card\">\n\t\t\t\t<a class=\"elementor-post__thumbnail__link\" href=\"https:\/\/ce.polsl.pl\/index.php\/factory-io\/\" ><div class=\"elementor-post__thumbnail\"><img loading=\"lazy\" decoding=\"async\" width=\"300\" height=\"157\" src=\"https:\/\/ce.polsl.pl\/wp-content\/uploads\/2023\/04\/image6-300x157.png\" class=\"attachment-medium size-medium wp-image-776\" alt=\"\" srcset=\"https:\/\/ce.polsl.pl\/wp-content\/uploads\/2023\/04\/image6-300x157.png 300w, https:\/\/ce.polsl.pl\/wp-content\/uploads\/2023\/04\/image6-1024x536.png 1024w, https:\/\/ce.polsl.pl\/wp-content\/uploads\/2023\/04\/image6-768x402.png 768w, https:\/\/ce.polsl.pl\/wp-content\/uploads\/2023\/04\/image6.png 1200w\" sizes=\"(max-width: 300px) 100vw, 300px\" \/><\/div><\/a>\n\t\t\t\t<div class=\"elementor-post__avatar\">\n\t\t\t<img alt='Krystian' src='https:\/\/secure.gravatar.com\/avatar\/6c7b5178736585ebef7193621d361a54f8ec900435d2b38171e8555311ec5538?s=128&#038;d=mm&#038;r=g' srcset='https:\/\/secure.gravatar.com\/avatar\/6c7b5178736585ebef7193621d361a54f8ec900435d2b38171e8555311ec5538?s=256&#038;d=mm&#038;r=g 2x' class='avatar avatar-128 photo' height='128' width='128' \/>\t\t<\/div>\n\t\t\t\t<div class=\"elementor-post__text\">\n\t\t\t\t<h3 class=\"elementor-post__title\">\n\t\t\t<a href=\"https:\/\/ce.polsl.pl\/index.php\/factory-io\/\" >\n\t\t\t\tW\u0142asna linia produkcyjna w symulatorze Factory IO\t\t\t<\/a>\n\t\t<\/h3>\n\t\t\t\t<div class=\"elementor-post__excerpt\">\n\t\t\t<p>W\u0142asna linia produkcyjna w symulatorze Factory IO W naszym kole obecni s\u0105 r\u00f3wnie\u017c programi\u015bci sterownik\u00f3w PLC \ud83d\ude42 Ju\u017c spory kawa\u0142ek czasu min\u0105\u0142 od tego, gdy<\/p>\n\t\t<\/div>\n\t\t\t\t\t<a class=\"elementor-post__read-more\" href=\"https:\/\/ce.polsl.pl\/index.php\/factory-io\/\" >\n\t\t\t\tWi\u0119cej \u00bb\t\t\t<\/a>\n\t\t\t\t<\/div>\n\t\t\t\t<div class=\"elementor-post__meta-data\">\n\t\t\t\t\t<span class=\"elementor-post-date\">\n\t\t\t04\/07\/2023\t\t<\/span>\n\t\t\t\t<span class=\"elementor-post-avatar\">\n\t\t\tNo Comments\t\t<\/span>\n\t\t\t\t<\/div>\n\t\t\t\t\t<\/div>\n\t\t<\/article>\n\t\t\t\t<article class=\"elementor-post elementor-grid-item post-661 post type-post status-publish format-standard has-post-thumbnail hentry category-uncategorized\">\n\t\t\t<div class=\"elementor-post__card\">\n\t\t\t\t<a class=\"elementor-post__thumbnail__link\" href=\"https:\/\/ce.polsl.pl\/index.php\/projekt-robota-kroczacego\/\" ><div class=\"elementor-post__thumbnail\"><img loading=\"lazy\" decoding=\"async\" width=\"300\" height=\"114\" src=\"https:\/\/ce.polsl.pl\/wp-content\/uploads\/2023\/10\/modelRK-300x114.png\" class=\"attachment-medium size-medium wp-image-931\" alt=\"\" srcset=\"https:\/\/ce.polsl.pl\/wp-content\/uploads\/2023\/10\/modelRK-300x114.png 300w, https:\/\/ce.polsl.pl\/wp-content\/uploads\/2023\/10\/modelRK-1024x389.png 1024w, https:\/\/ce.polsl.pl\/wp-content\/uploads\/2023\/10\/modelRK-768x292.png 768w, https:\/\/ce.polsl.pl\/wp-content\/uploads\/2023\/10\/modelRK-1536x584.png 1536w, https:\/\/ce.polsl.pl\/wp-content\/uploads\/2023\/10\/modelRK.png 1920w\" sizes=\"(max-width: 300px) 100vw, 300px\" \/><\/div><\/a>\n\t\t\t\t<div class=\"elementor-post__avatar\">\n\t\t\t<img alt='Krystian' src='https:\/\/secure.gravatar.com\/avatar\/6c7b5178736585ebef7193621d361a54f8ec900435d2b38171e8555311ec5538?s=128&#038;d=mm&#038;r=g' srcset='https:\/\/secure.gravatar.com\/avatar\/6c7b5178736585ebef7193621d361a54f8ec900435d2b38171e8555311ec5538?s=256&#038;d=mm&#038;r=g 2x' class='avatar avatar-128 photo' height='128' width='128' \/>\t\t<\/div>\n\t\t\t\t<div class=\"elementor-post__text\">\n\t\t\t\t<h3 class=\"elementor-post__title\">\n\t\t\t<a href=\"https:\/\/ce.polsl.pl\/index.php\/projekt-robota-kroczacego\/\" >\n\t\t\t\tProjekt robota krocz\u0105cego\t\t\t<\/a>\n\t\t<\/h3>\n\t\t\t\t<div class=\"elementor-post__excerpt\">\n\t\t\t<p>Projekt robota krocz\u0105cego &#8211; uk\u0142ad sterowania Nasze ko\u0142o naukowe realizuje projekt robota krocz\u0105cego. Zaprojektowali\u015bmy konstrukcj\u0119 robota, kt\u00f3ra wykorzystuje serwomechanizmy. W ka\u017cdej nodze s\u0105 po 3<\/p>\n\t\t<\/div>\n\t\t\t\t\t<a class=\"elementor-post__read-more\" href=\"https:\/\/ce.polsl.pl\/index.php\/projekt-robota-kroczacego\/\" >\n\t\t\t\tWi\u0119cej \u00bb\t\t\t<\/a>\n\t\t\t\t<\/div>\n\t\t\t\t<div class=\"elementor-post__meta-data\">\n\t\t\t\t\t<span class=\"elementor-post-date\">\n\t\t\t03\/07\/2023\t\t<\/span>\n\t\t\t\t<span class=\"elementor-post-avatar\">\n\t\t\tNo Comments\t\t<\/span>\n\t\t\t\t<\/div>\n\t\t\t\t\t<\/div>\n\t\t<\/article>\n\t\t\t\t<\/div>\n\n\n\t\t\n\t\t<style id=\"core-77b921d-core-block-supports-inline-css\"><\/style>\t\t\t\t<\/div>\n\t\t\t\t<\/div>\n\t\t\t\t\t<\/div>\n\t\t<\/div>\n\t\t\t\t\t<\/div>\n\t\t<\/section>\n\t\t\t\t<\/div>\n\t\t","protected":false},"excerpt":{"rendered":"","protected":false},"author":1,"featured_media":0,"parent":0,"menu_order":0,"comment_status":"closed","ping_status":"closed","template":"elementor_header_footer","meta":{"_uag_custom_page_level_css":"","iawp_total_views":121,"footnotes":""},"class_list":["post-400","page","type-page","status-publish","hentry"],"blocksy_meta":[],"uagb_featured_image_src":{"full":false,"thumbnail":false,"medium":false,"medium_large":false,"large":false,"1536x1536":false,"2048x2048":false},"uagb_author_info":{"display_name":"Maks","author_link":"https:\/\/ce.polsl.pl\/index.php\/author\/maks\/"},"uagb_comment_info":0,"uagb_excerpt":null,"_links":{"self":[{"href":"https:\/\/ce.polsl.pl\/index.php\/wp-json\/wp\/v2\/pages\/400","targetHints":{"allow":["GET"]}}],"collection":[{"href":"https:\/\/ce.polsl.pl\/index.php\/wp-json\/wp\/v2\/pages"}],"about":[{"href":"https:\/\/ce.polsl.pl\/index.php\/wp-json\/wp\/v2\/types\/page"}],"author":[{"embeddable":true,"href":"https:\/\/ce.polsl.pl\/index.php\/wp-json\/wp\/v2\/users\/1"}],"replies":[{"embeddable":true,"href":"https:\/\/ce.polsl.pl\/index.php\/wp-json\/wp\/v2\/comments?post=400"}],"version-history":[{"count":10,"href":"https:\/\/ce.polsl.pl\/index.php\/wp-json\/wp\/v2\/pages\/400\/revisions"}],"predecessor-version":[{"id":734,"href":"https:\/\/ce.polsl.pl\/index.php\/wp-json\/wp\/v2\/pages\/400\/revisions\/734"}],"wp:attachment":[{"href":"https:\/\/ce.polsl.pl\/index.php\/wp-json\/wp\/v2\/media?parent=400"}],"curies":[{"name":"wp","href":"https:\/\/api.w.org\/{rel}","templated":true}]}}