{"id":455,"date":"2023-01-13T14:02:02","date_gmt":"2023-01-13T14:02:02","guid":{"rendered":"https:\/\/ce.polsl.pl\/?page_id=455"},"modified":"2023-02-22T19:14:01","modified_gmt":"2023-02-22T19:14:01","slug":"rekrutacja","status":"publish","type":"page","link":"https:\/\/ce.polsl.pl\/index.php\/rekrutacja\/","title":{"rendered":"Rekrutacja"},"content":{"rendered":"\t\t<div data-elementor-type=\"wp-page\" data-elementor-id=\"455\" class=\"elementor elementor-455\">\n\t\t\t\t\t\t<section class=\"elementor-section elementor-top-section elementor-element elementor-element-pzcljx1 elementor-section-content-middle elementor-reverse-mobile elementor-section-boxed elementor-section-height-default elementor-section-height-default\" data-id=\"pzcljx1\" data-element_type=\"section\" data-settings=\"{&quot;background_background&quot;:&quot;classic&quot;}\">\n\t\t\t\t\t\t\t<div class=\"elementor-background-overlay\"><\/div>\n\t\t\t\t\t\t\t<div class=\"elementor-container elementor-column-gap-no\">\n\t\t\t\t\t<div class=\"elementor-column elementor-col-50 elementor-top-column elementor-element elementor-element-0c36485\" data-id=\"0c36485\" data-element_type=\"column\">\n\t\t\t<div class=\"elementor-widget-wrap elementor-element-populated\">\n\t\t\t\t\t\t<div class=\"elementor-element elementor-element-124b988 elementor-widget elementor-widget-heading\" data-id=\"124b988\" data-element_type=\"widget\" data-widget_type=\"heading.default\">\n\t\t\t\t<div class=\"elementor-widget-container\">\n\t\t\t\t\t<h2 class=\"elementor-heading-title elementor-size-default\">Jak do nas do\u0142\u0105czy\u0107?<\/h2><style id=\"core-124b988-core-block-supports-inline-css\"><\/style>\t\t\t\t<\/div>\n\t\t\t\t<\/div>\n\t\t\t\t<div class=\"elementor-element elementor-element-de68298 elementor-widget elementor-widget-text-editor\" data-id=\"de68298\" data-element_type=\"widget\" data-widget_type=\"text-editor.default\">\n\t\t\t\t<div class=\"elementor-widget-container\">\n\t\t\t\t\t\t\t\t\t<p><span style=\"color: #333333; font-family: 'Libre Franklin', 'Helvetica Neue', helvetica, arial, sans-serif;\">Aktualnie prowadzimy rekrutacj\u0119. Wszystkich ch\u0119tnych prosimy o do\u0142\u0105czenie do naszego serwera\u00a0<\/span><a class=\"customize-unpreviewable\" style=\"box-sizing: inherit; background-color: #ffffff; box-shadow: #0f0f0f 0px -1px 0px inset; font-family: 'Libre Franklin', 'Helvetica Neue', helvetica, arial, sans-serif; cursor: not-allowed !important;\" href=\"https:\/\/discord.com\/invite\/6wtdr4KBvd\" target=\"_blank\" rel=\"noreferrer noopener\" data-type=\"URL\" data-id=\"https:\/\/discord.com\/invite\/6wtdr4KBvd\" data-wplink-edit=\"true\">Discord\u00a0<\/a><span style=\"color: #333333; font-family: 'Libre Franklin', 'Helvetica Neue', helvetica, arial, sans-serif;\">oraz odpowiedzenie na pytania w\u00a0<\/span><a class=\"customize-unpreviewable\" style=\"box-sizing: inherit; background-color: #ffffff; box-shadow: #0f0f0f 0px -1px 0px inset; font-family: 'Libre Franklin', 'Helvetica Neue', helvetica, arial, sans-serif; cursor: not-allowed !important;\" href=\"https:\/\/forms.gle\/zKo1kWMekKxCpjio9\" target=\"_blank\" rel=\"noreferrer noopener\" data-type=\"URL\" data-id=\"https:\/\/forms.gle\/zKo1kWMekKxCpjio9\">Formularzu<\/a><span style=\"color: #333333; font-family: 'Libre Franklin', 'Helvetica Neue', helvetica, arial, sans-serif;\">.<\/span><\/p>\t\t\t\t<style id=\"core-de68298-core-block-supports-inline-css\"><\/style>\t\t\t\t<\/div>\n\t\t\t\t<\/div>\n\t\t\t\t\t<\/div>\n\t\t<\/div>\n\t\t\t\t<div class=\"elementor-column elementor-col-50 elementor-top-column elementor-element elementor-element-26fcf8e\" data-id=\"26fcf8e\" data-element_type=\"column\">\n\t\t\t<div class=\"elementor-widget-wrap elementor-element-populated\">\n\t\t\t\t\t\t<div class=\"elementor-element elementor-element-ae1504e elementor-widget elementor-widget-video\" data-id=\"ae1504e\" data-element_type=\"widget\" data-settings=\"{&quot;youtube_url&quot;:&quot;https:\\\/\\\/www.youtube.com\\\/watch?v=mzuDi6cFZ0g&quot;,&quot;video_type&quot;:&quot;youtube&quot;,&quot;controls&quot;:&quot;yes&quot;}\" data-widget_type=\"video.default\">\n\t\t\t\t<div class=\"elementor-widget-container\">\n\t\t\t\t\t\t\t<div class=\"elementor-wrapper elementor-open-inline\">\n\t\t\t<div class=\"elementor-video\"><\/div>\t\t<\/div>\n\t\t<style id=\"core-ae1504e-core-block-supports-inline-css\"><\/style>\t\t\t\t<\/div>\n\t\t\t\t<\/div>\n\t\t\t\t\t<\/div>\n\t\t<\/div>\n\t\t\t\t\t<\/div>\n\t\t<\/section>\n\t\t\t\t<section class=\"elementor-section elementor-top-section elementor-element elementor-element-42b78fb elementor-section-content-middle elementor-reverse-mobile elementor-section-boxed elementor-section-height-default elementor-section-height-default\" data-id=\"42b78fb\" data-element_type=\"section\" data-settings=\"{&quot;background_background&quot;:&quot;classic&quot;}\">\n\t\t\t\t\t\t\t<div class=\"elementor-background-overlay\"><\/div>\n\t\t\t\t\t\t\t<div class=\"elementor-container elementor-column-gap-no\">\n\t\t\t\t\t<div class=\"elementor-column elementor-col-50 elementor-top-column elementor-element elementor-element-736377a\" data-id=\"736377a\" data-element_type=\"column\">\n\t\t\t<div class=\"elementor-widget-wrap elementor-element-populated\">\n\t\t\t\t\t\t<div class=\"elementor-element elementor-element-5bae78a elementor-widget elementor-widget-image\" data-id=\"5bae78a\" data-element_type=\"widget\" data-widget_type=\"image.default\">\n\t\t\t\t<div class=\"elementor-widget-container\">\n\t\t\t\t\t\t\t\t\t\t\t\t\t\t\t<img fetchpriority=\"high\" decoding=\"async\" width=\"1024\" height=\"683\" src=\"https:\/\/ce.polsl.pl\/wp-content\/uploads\/2022\/10\/IMG_7971-min-1-1024x683.jpg\" class=\"attachment-large size-large wp-image-279\" alt=\"\" srcset=\"https:\/\/ce.polsl.pl\/wp-content\/uploads\/2022\/10\/IMG_7971-min-1-1024x683.jpg 1024w, https:\/\/ce.polsl.pl\/wp-content\/uploads\/2022\/10\/IMG_7971-min-1-300x200.jpg 300w, https:\/\/ce.polsl.pl\/wp-content\/uploads\/2022\/10\/IMG_7971-min-1-768x512.jpg 768w, https:\/\/ce.polsl.pl\/wp-content\/uploads\/2022\/10\/IMG_7971-min-1-1536x1024.jpg 1536w, https:\/\/ce.polsl.pl\/wp-content\/uploads\/2022\/10\/IMG_7971-min-1-2048x1365.jpg 2048w\" sizes=\"(max-width: 1024px) 100vw, 1024px\" \/>\t\t\t\t\t\t\t\t\t\t\t<style id=\"core-5bae78a-core-block-supports-inline-css\"><\/style>\t\t\t\t<\/div>\n\t\t\t\t<\/div>\n\t\t\t\t\t<\/div>\n\t\t<\/div>\n\t\t\t\t<div class=\"elementor-column elementor-col-50 elementor-top-column elementor-element elementor-element-e790207\" data-id=\"e790207\" data-element_type=\"column\">\n\t\t\t<div class=\"elementor-widget-wrap elementor-element-populated\">\n\t\t\t\t\t\t<div class=\"elementor-element elementor-element-5c2313f elementor-widget elementor-widget-heading\" data-id=\"5c2313f\" data-element_type=\"widget\" data-widget_type=\"heading.default\">\n\t\t\t\t<div class=\"elementor-widget-container\">\n\t\t\t\t\t<h2 class=\"elementor-heading-title elementor-size-default\">Jak podj\u0105\u0107 z nami wsp\u00f3\u0142prac\u0119?<\/h2><style id=\"core-5c2313f-core-block-supports-inline-css\"><\/style>\t\t\t\t<\/div>\n\t\t\t\t<\/div>\n\t\t\t\t<div class=\"elementor-element elementor-element-fe4d4e8 elementor-widget elementor-widget-text-editor\" data-id=\"fe4d4e8\" data-element_type=\"widget\" data-widget_type=\"text-editor.default\">\n\t\t\t\t<div class=\"elementor-widget-container\">\n\t\t\t\t\t\t\t\t\t<p>Mo\u017cna z nami skontaktowa\u0107 si\u0119 poprzez <br \/>e-mail\u00a0<strong style=\"color: var( --e-global-color-text ); font-family: var( --e-global-typography-text-font-family ), Sans-serif; font-size: 1rem;\">skncontrolengineers@gmail.com<\/strong><span style=\"color: var( --e-global-color-text ); font-family: var( --e-global-typography-text-font-family ), Sans-serif; font-weight: var( --e-global-typography-text-font-weight ); font-size: 1rem;\"> lub na naszym serwerze <\/span><a style=\"font-family: var( --e-global-typography-text-font-family ), Sans-serif; font-weight: var( --e-global-typography-text-font-weight ); font-size: 1rem; background-color: #ffffff;\" href=\"https:\/\/discord.com\/invite\/6wtdr4KBvd\">Discord<\/a><span style=\"color: var( --e-global-color-text ); font-family: var( --e-global-typography-text-font-family ), Sans-serif; font-weight: var( --e-global-typography-text-font-weight ); font-size: 1rem;\">.<\/span><\/p>\t\t\t\t<style id=\"core-fe4d4e8-core-block-supports-inline-css\"><\/style>\t\t\t\t<\/div>\n\t\t\t\t<\/div>\n\t\t\t\t\t<\/div>\n\t\t<\/div>\n\t\t\t\t\t<\/div>\n\t\t<\/section>\n\t\t\t\t<\/div>\n\t\t","protected":false},"excerpt":{"rendered":"<p>Jak do nas do\u0142\u0105czy\u0107? Aktualnie prowadzimy rekrutacj\u0119. Wszystkich ch\u0119tnych prosimy o do\u0142\u0105czenie do naszego serwera\u00a0Discord\u00a0oraz odpowiedzenie na pytania w\u00a0Formularzu. https:\/\/www.youtube.com\/watch?v=mzuDi6cFZ0g Jak podj\u0105\u0107 z nami wsp\u00f3\u0142prac\u0119? Mo\u017cna z nami skontaktowa\u0107 si\u0119 poprzez e-mail\u00a0skncontrolengineers@gmail.com lub na naszym serwerze Discord.<\/p>\n","protected":false},"author":1,"featured_media":0,"parent":0,"menu_order":0,"comment_status":"closed","ping_status":"closed","template":"elementor_header_footer","meta":{"_uag_custom_page_level_css":"","iawp_total_views":60,"footnotes":""},"class_list":["post-455","page","type-page","status-publish","hentry"],"blocksy_meta":[],"uagb_featured_image_src":{"full":false,"thumbnail":false,"medium":false,"medium_large":false,"large":false,"1536x1536":false,"2048x2048":false},"uagb_author_info":{"display_name":"Maks","author_link":"https:\/\/ce.polsl.pl\/index.php\/author\/maks\/"},"uagb_comment_info":0,"uagb_excerpt":"Jak do nas do\u0142\u0105czy\u0107? Aktualnie prowadzimy rekrutacj\u0119. Wszystkich ch\u0119tnych prosimy o do\u0142\u0105czenie do naszego serwera\u00a0Discord\u00a0oraz odpowiedzenie na pytania w\u00a0Formularzu. https:\/\/www.youtube.com\/watch?v=mzuDi6cFZ0g Jak podj\u0105\u0107 z nami wsp\u00f3\u0142prac\u0119? Mo\u017cna z nami skontaktowa\u0107 si\u0119 poprzez e-mail\u00a0skncontrolengineers@gmail.com lub na naszym serwerze Discord.","_links":{"self":[{"href":"https:\/\/ce.polsl.pl\/index.php\/wp-json\/wp\/v2\/pages\/455","targetHints":{"allow":["GET"]}}],"collection":[{"href":"https:\/\/ce.polsl.pl\/index.php\/wp-json\/wp\/v2\/pages"}],"about":[{"href":"https:\/\/ce.polsl.pl\/index.php\/wp-json\/wp\/v2\/types\/page"}],"author":[{"embeddable":true,"href":"https:\/\/ce.polsl.pl\/index.php\/wp-json\/wp\/v2\/users\/1"}],"replies":[{"embeddable":true,"href":"https:\/\/ce.polsl.pl\/index.php\/wp-json\/wp\/v2\/comments?post=455"}],"version-history":[{"count":20,"href":"https:\/\/ce.polsl.pl\/index.php\/wp-json\/wp\/v2\/pages\/455\/revisions"}],"predecessor-version":[{"id":611,"href":"https:\/\/ce.polsl.pl\/index.php\/wp-json\/wp\/v2\/pages\/455\/revisions\/611"}],"wp:attachment":[{"href":"https:\/\/ce.polsl.pl\/index.php\/wp-json\/wp\/v2\/media?parent=455"}],"curies":[{"name":"wp","href":"https:\/\/api.w.org\/{rel}","templated":true}]}}