{"id":503,"date":"2023-01-13T14:58:14","date_gmt":"2023-01-13T14:58:14","guid":{"rendered":"https:\/\/ce.polsl.pl\/?page_id=503"},"modified":"2023-06-23T11:03:29","modified_gmt":"2023-06-23T11:03:29","slug":"nasze-osiagniecia","status":"publish","type":"page","link":"https:\/\/ce.polsl.pl\/index.php\/nasze-osiagniecia\/","title":{"rendered":"Nasze Osi\u0105gni\u0119cia"},"content":{"rendered":"\t\t<div data-elementor-type=\"wp-page\" data-elementor-id=\"503\" class=\"elementor elementor-503\">\n\t\t\t\t\t\t<section class=\"elementor-section elementor-top-section elementor-element elementor-element-0463753 elementor-section-boxed elementor-section-height-default elementor-section-height-default\" data-id=\"0463753\" data-element_type=\"section\">\n\t\t\t\t\t\t<div class=\"elementor-container elementor-column-gap-default\">\n\t\t\t\t\t<div class=\"elementor-column elementor-col-100 elementor-top-column elementor-element elementor-element-eafdacb\" data-id=\"eafdacb\" data-element_type=\"column\">\n\t\t\t<div class=\"elementor-widget-wrap elementor-element-populated\">\n\t\t\t\t\t\t<div class=\"elementor-element elementor-element-4cce1ef elementor-widget elementor-widget-heading\" data-id=\"4cce1ef\" data-element_type=\"widget\" data-widget_type=\"heading.default\">\n\t\t\t\t<div class=\"elementor-widget-container\">\n\t\t\t\t\t<h2 class=\"elementor-heading-title elementor-size-default\">Nasze Osi\u0105gni\u0119cia<\/h2><style id=\"core-4cce1ef-core-block-supports-inline-css\"><\/style>\t\t\t\t<\/div>\n\t\t\t\t<\/div>\n\t\t\t\t\t<\/div>\n\t\t<\/div>\n\t\t\t\t\t<\/div>\n\t\t<\/section>\n\t\t\t\t<section class=\"elementor-section elementor-top-section elementor-element elementor-element-5b9412a elementor-section-boxed elementor-section-height-default elementor-section-height-default\" data-id=\"5b9412a\" data-element_type=\"section\">\n\t\t\t\t\t\t<div class=\"elementor-container elementor-column-gap-default\">\n\t\t\t\t\t<div class=\"elementor-column elementor-col-33 elementor-top-column elementor-element elementor-element-0281446\" data-id=\"0281446\" data-element_type=\"column\">\n\t\t\t<div class=\"elementor-widget-wrap elementor-element-populated\">\n\t\t\t\t\t\t<div class=\"elementor-element elementor-element-8128ac0 elementor-view-stacked elementor-shape-circle elementor-widget elementor-widget-icon\" data-id=\"8128ac0\" data-element_type=\"widget\" data-widget_type=\"icon.default\">\n\t\t\t\t<div class=\"elementor-widget-container\">\n\t\t\t\t\t\t\t<div class=\"elementor-icon-wrapper\">\n\t\t\t<div class=\"elementor-icon elementor-animation-grow\">\n\t\t\t<svg xmlns=\"http:\/\/www.w3.org\/2000\/svg\" width=\"18\" height=\"18\" viewBox=\"0 0 18 18\"><title>trophy1<\/title><path d=\"M17 3h-3v-1c0-0.552-0.448-1-1-1h-8c-0.552 0-1 0.448-1 1v1h-3c-0.552 0-1 0.448-1 1v2c0 1.607 1.065 4 4 4h0.419c0.643 1.47 1.971 2.572 3.581 2.9v2.1h-1c-1.105 0-2 0.896-2 2h8c0-1.105-0.896-2-2-2h-1v-2.1c1.61-0.327 2.938-1.43 3.581-2.9h0.419c2.935 0 4-2.393 4-4v-2c0-0.552-0.448-1-1-1zM4 8c-1.826 0-1.992-1.536-2-2v-1h2v3zM12 8.624l-0.251 0.575c-0.478 1.094-1.557 1.801-2.749 1.801s-2.27-0.707-2.749-1.801l-0.251-0.575v-5.624h6v5.624zM16 6c0 0.334-0.097 2-2 2v-3h2v1z\"><\/path><path d=\"M14.022 10.022c0.015 0 0.017-0.005-0.022-0.022v0.020c0.008 0.001 0.017 0.002 0.022 0.002z\"><\/path><path d=\"M3.978 10.022c0.006 0 0.014-0.001 0.022-0.002v-0.020c-0.040 0.017-0.038 0.022-0.022 0.022z\"><\/path><\/svg>\t\t\t<\/div>\n\t\t<\/div>\n\t\t<style id=\"core-8128ac0-core-block-supports-inline-css\"><\/style>\t\t\t\t<\/div>\n\t\t\t\t<\/div>\n\t\t\t\t<div class=\"elementor-element elementor-element-a9bd500 elementor-widget elementor-widget-heading\" data-id=\"a9bd500\" data-element_type=\"widget\" data-widget_type=\"heading.default\">\n\t\t\t\t<div class=\"elementor-widget-container\">\n\t\t\t\t\t<h2 class=\"elementor-heading-title elementor-size-default\">Drugie Miejsce<\/h2><style id=\"core-a9bd500-core-block-supports-inline-css\"><\/style>\t\t\t\t<\/div>\n\t\t\t\t<\/div>\n\t\t\t\t<div class=\"elementor-element elementor-element-296353e elementor-widget elementor-widget-text-editor\" data-id=\"296353e\" data-element_type=\"widget\" data-widget_type=\"text-editor.default\">\n\t\t\t\t<div class=\"elementor-widget-container\">\n\t\t\t\t\t\t\t\t\t<p>Studenckie Mistrzostwa Automatyk\u00f3w 2022\u00a0<\/p><p><strong>Konrad Ozga, Krystian Loranc\u00a0<\/strong><\/p>\t\t\t\t<style id=\"core-296353e-core-block-supports-inline-css\"><\/style>\t\t\t\t<\/div>\n\t\t\t\t<\/div>\n\t\t\t\t<div class=\"elementor-element elementor-element-cace83f elementor-widget elementor-widget-button\" data-id=\"cace83f\" data-element_type=\"widget\" data-widget_type=\"button.default\">\n\t\t\t\t<div class=\"elementor-widget-container\">\n\t\t\t\t\t\t\t\t\t<div class=\"elementor-button-wrapper\">\n\t\t\t\t\t<a class=\"elementor-button elementor-button-link elementor-size-sm elementor-animation-pop\" href=\"https:\/\/www.facebook.com\/ControlEngineers\">\n\t\t\t\t\t\t<span class=\"elementor-button-content-wrapper\">\n\t\t\t\t\t\t\t\t\t<span class=\"elementor-button-text\">Wi\u0119cej \u00bb<\/span>\n\t\t\t\t\t<\/span>\n\t\t\t\t\t<\/a>\n\t\t\t\t<\/div>\n\t\t\t\t<style id=\"core-cace83f-core-block-supports-inline-css\"><\/style>\t\t\t\t<\/div>\n\t\t\t\t<\/div>\n\t\t\t\t\t<\/div>\n\t\t<\/div>\n\t\t\t\t<div class=\"elementor-column elementor-col-33 elementor-top-column elementor-element elementor-element-0f699af\" data-id=\"0f699af\" data-element_type=\"column\">\n\t\t\t<div class=\"elementor-widget-wrap elementor-element-populated\">\n\t\t\t\t\t\t<div class=\"elementor-element elementor-element-4160a58 elementor-view-stacked elementor-shape-circle elementor-widget elementor-widget-icon\" data-id=\"4160a58\" data-element_type=\"widget\" data-widget_type=\"icon.default\">\n\t\t\t\t<div class=\"elementor-widget-container\">\n\t\t\t\t\t\t\t<div class=\"elementor-icon-wrapper\">\n\t\t\t<div class=\"elementor-icon elementor-animation-grow\">\n\t\t\t<svg xmlns=\"http:\/\/www.w3.org\/2000\/svg\" width=\"18\" height=\"18\" viewBox=\"0 0 18 18\"><title>trophy1<\/title><path d=\"M17 3h-3v-1c0-0.552-0.448-1-1-1h-8c-0.552 0-1 0.448-1 1v1h-3c-0.552 0-1 0.448-1 1v2c0 1.607 1.065 4 4 4h0.419c0.643 1.47 1.971 2.572 3.581 2.9v2.1h-1c-1.105 0-2 0.896-2 2h8c0-1.105-0.896-2-2-2h-1v-2.1c1.61-0.327 2.938-1.43 3.581-2.9h0.419c2.935 0 4-2.393 4-4v-2c0-0.552-0.448-1-1-1zM4 8c-1.826 0-1.992-1.536-2-2v-1h2v3zM12 8.624l-0.251 0.575c-0.478 1.094-1.557 1.801-2.749 1.801s-2.27-0.707-2.749-1.801l-0.251-0.575v-5.624h6v5.624zM16 6c0 0.334-0.097 2-2 2v-3h2v1z\"><\/path><path d=\"M14.022 10.022c0.015 0 0.017-0.005-0.022-0.022v0.020c0.008 0.001 0.017 0.002 0.022 0.002z\"><\/path><path d=\"M3.978 10.022c0.006 0 0.014-0.001 0.022-0.002v-0.020c-0.040 0.017-0.038 0.022-0.022 0.022z\"><\/path><\/svg>\t\t\t<\/div>\n\t\t<\/div>\n\t\t<style id=\"core-4160a58-core-block-supports-inline-css\"><\/style>\t\t\t\t<\/div>\n\t\t\t\t<\/div>\n\t\t\t\t<div class=\"elementor-element elementor-element-c59c154 elementor-widget elementor-widget-heading\" data-id=\"c59c154\" data-element_type=\"widget\" data-widget_type=\"heading.default\">\n\t\t\t\t<div class=\"elementor-widget-container\">\n\t\t\t\t\t<h2 class=\"elementor-heading-title elementor-size-default\">Pierwsze Miejsce<\/h2><style id=\"core-c59c154-core-block-supports-inline-css\"><\/style>\t\t\t\t<\/div>\n\t\t\t\t<\/div>\n\t\t\t\t<div class=\"elementor-element elementor-element-8a46377 elementor-widget elementor-widget-text-editor\" data-id=\"8a46377\" data-element_type=\"widget\" data-widget_type=\"text-editor.default\">\n\t\t\t\t<div class=\"elementor-widget-container\">\n\t\t\t\t\t\t\t\t\t<p>Mistrzostwa Polski Programist\u00f3w PLC 2020\u00a0 &#8220;Kategoria Ekspert&#8221;\u00a0\u00a0<\/p><p><strong>Krystian Loranc<\/strong><\/p>\t\t\t\t<style id=\"core-8a46377-core-block-supports-inline-css\"><\/style>\t\t\t\t<\/div>\n\t\t\t\t<\/div>\n\t\t\t\t<div class=\"elementor-element elementor-element-7b5e86d elementor-widget elementor-widget-button\" data-id=\"7b5e86d\" data-element_type=\"widget\" data-widget_type=\"button.default\">\n\t\t\t\t<div class=\"elementor-widget-container\">\n\t\t\t\t\t\t\t\t\t<div class=\"elementor-button-wrapper\">\n\t\t\t\t\t<a class=\"elementor-button elementor-button-link elementor-size-sm elementor-animation-pop\" href=\"https:\/\/www.facebook.com\/ControlEngineers\">\n\t\t\t\t\t\t<span class=\"elementor-button-content-wrapper\">\n\t\t\t\t\t\t\t\t\t<span class=\"elementor-button-text\">Wi\u0119cej \u00bb<\/span>\n\t\t\t\t\t<\/span>\n\t\t\t\t\t<\/a>\n\t\t\t\t<\/div>\n\t\t\t\t<style id=\"core-7b5e86d-core-block-supports-inline-css\"><\/style>\t\t\t\t<\/div>\n\t\t\t\t<\/div>\n\t\t\t\t\t<\/div>\n\t\t<\/div>\n\t\t\t\t<div class=\"elementor-column elementor-col-33 elementor-top-column elementor-element elementor-element-385c2d2\" data-id=\"385c2d2\" data-element_type=\"column\">\n\t\t\t<div class=\"elementor-widget-wrap elementor-element-populated\">\n\t\t\t\t\t\t<div class=\"elementor-element elementor-element-0cf17cc elementor-view-stacked elementor-shape-circle elementor-widget elementor-widget-icon\" data-id=\"0cf17cc\" data-element_type=\"widget\" data-widget_type=\"icon.default\">\n\t\t\t\t<div class=\"elementor-widget-container\">\n\t\t\t\t\t\t\t<div class=\"elementor-icon-wrapper\">\n\t\t\t<div class=\"elementor-icon elementor-animation-grow\">\n\t\t\t<svg xmlns=\"http:\/\/www.w3.org\/2000\/svg\" width=\"18\" height=\"18\" viewBox=\"0 0 18 18\"><title>trophy1<\/title><path d=\"M17 3h-3v-1c0-0.552-0.448-1-1-1h-8c-0.552 0-1 0.448-1 1v1h-3c-0.552 0-1 0.448-1 1v2c0 1.607 1.065 4 4 4h0.419c0.643 1.47 1.971 2.572 3.581 2.9v2.1h-1c-1.105 0-2 0.896-2 2h8c0-1.105-0.896-2-2-2h-1v-2.1c1.61-0.327 2.938-1.43 3.581-2.9h0.419c2.935 0 4-2.393 4-4v-2c0-0.552-0.448-1-1-1zM4 8c-1.826 0-1.992-1.536-2-2v-1h2v3zM12 8.624l-0.251 0.575c-0.478 1.094-1.557 1.801-2.749 1.801s-2.27-0.707-2.749-1.801l-0.251-0.575v-5.624h6v5.624zM16 6c0 0.334-0.097 2-2 2v-3h2v1z\"><\/path><path d=\"M14.022 10.022c0.015 0 0.017-0.005-0.022-0.022v0.020c0.008 0.001 0.017 0.002 0.022 0.002z\"><\/path><path d=\"M3.978 10.022c0.006 0 0.014-0.001 0.022-0.002v-0.020c-0.040 0.017-0.038 0.022-0.022 0.022z\"><\/path><\/svg>\t\t\t<\/div>\n\t\t<\/div>\n\t\t<style id=\"core-0cf17cc-core-block-supports-inline-css\"><\/style>\t\t\t\t<\/div>\n\t\t\t\t<\/div>\n\t\t\t\t<div class=\"elementor-element elementor-element-8aadfa1 elementor-widget elementor-widget-heading\" data-id=\"8aadfa1\" data-element_type=\"widget\" data-widget_type=\"heading.default\">\n\t\t\t\t<div class=\"elementor-widget-container\">\n\t\t\t\t\t<h2 class=\"elementor-heading-title elementor-size-default\">Trzecie Miejsce<\/h2><style id=\"core-8aadfa1-core-block-supports-inline-css\"><\/style>\t\t\t\t<\/div>\n\t\t\t\t<\/div>\n\t\t\t\t<div class=\"elementor-element elementor-element-442b7f1 elementor-widget elementor-widget-text-editor\" data-id=\"442b7f1\" data-element_type=\"widget\" data-widget_type=\"text-editor.default\">\n\t\t\t\t<div class=\"elementor-widget-container\">\n\t\t\t\t\t\t\t\t\t<p>Mistrzostwa Algorytmiki i Programowania Przemys\u0142u 2022<\/p><p><strong>Maksymilian Grabowy, Oliwier Cie\u015blik<\/strong><\/p>\t\t\t\t<style id=\"core-442b7f1-core-block-supports-inline-css\"><\/style>\t\t\t\t<\/div>\n\t\t\t\t<\/div>\n\t\t\t\t<div class=\"elementor-element elementor-element-d07a3ad elementor-widget elementor-widget-button\" data-id=\"d07a3ad\" data-element_type=\"widget\" data-widget_type=\"button.default\">\n\t\t\t\t<div class=\"elementor-widget-container\">\n\t\t\t\t\t\t\t\t\t<div class=\"elementor-button-wrapper\">\n\t\t\t\t\t<a class=\"elementor-button elementor-button-link elementor-size-sm elementor-animation-pop\" href=\"https:\/\/www.facebook.com\/ControlEngineers\">\n\t\t\t\t\t\t<span class=\"elementor-button-content-wrapper\">\n\t\t\t\t\t\t\t\t\t<span class=\"elementor-button-text\">Wi\u0119cej \u00bb<\/span>\n\t\t\t\t\t<\/span>\n\t\t\t\t\t<\/a>\n\t\t\t\t<\/div>\n\t\t\t\t<style id=\"core-d07a3ad-core-block-supports-inline-css\"><\/style>\t\t\t\t<\/div>\n\t\t\t\t<\/div>\n\t\t\t\t\t<\/div>\n\t\t<\/div>\n\t\t\t\t\t<\/div>\n\t\t<\/section>\n\t\t\t\t<section class=\"elementor-section elementor-top-section elementor-element elementor-element-cc76808 elementor-section-boxed elementor-section-height-default elementor-section-height-default\" data-id=\"cc76808\" data-element_type=\"section\">\n\t\t\t\t\t\t<div class=\"elementor-container elementor-column-gap-default\">\n\t\t\t\t\t<div class=\"elementor-column elementor-col-33 elementor-top-column elementor-element elementor-element-3ae042a\" data-id=\"3ae042a\" data-element_type=\"column\">\n\t\t\t<div class=\"elementor-widget-wrap elementor-element-populated\">\n\t\t\t\t\t\t<div class=\"elementor-element elementor-element-7901b31 elementor-view-stacked elementor-shape-circle elementor-widget elementor-widget-icon\" data-id=\"7901b31\" data-element_type=\"widget\" data-widget_type=\"icon.default\">\n\t\t\t\t<div class=\"elementor-widget-container\">\n\t\t\t\t\t\t\t<div class=\"elementor-icon-wrapper\">\n\t\t\t<div class=\"elementor-icon elementor-animation-grow\">\n\t\t\t<svg xmlns=\"http:\/\/www.w3.org\/2000\/svg\" width=\"18\" height=\"18\" viewBox=\"0 0 18 18\"><title>trophy1<\/title><path d=\"M17 3h-3v-1c0-0.552-0.448-1-1-1h-8c-0.552 0-1 0.448-1 1v1h-3c-0.552 0-1 0.448-1 1v2c0 1.607 1.065 4 4 4h0.419c0.643 1.47 1.971 2.572 3.581 2.9v2.1h-1c-1.105 0-2 0.896-2 2h8c0-1.105-0.896-2-2-2h-1v-2.1c1.61-0.327 2.938-1.43 3.581-2.9h0.419c2.935 0 4-2.393 4-4v-2c0-0.552-0.448-1-1-1zM4 8c-1.826 0-1.992-1.536-2-2v-1h2v3zM12 8.624l-0.251 0.575c-0.478 1.094-1.557 1.801-2.749 1.801s-2.27-0.707-2.749-1.801l-0.251-0.575v-5.624h6v5.624zM16 6c0 0.334-0.097 2-2 2v-3h2v1z\"><\/path><path d=\"M14.022 10.022c0.015 0 0.017-0.005-0.022-0.022v0.020c0.008 0.001 0.017 0.002 0.022 0.002z\"><\/path><path d=\"M3.978 10.022c0.006 0 0.014-0.001 0.022-0.002v-0.020c-0.040 0.017-0.038 0.022-0.022 0.022z\"><\/path><\/svg>\t\t\t<\/div>\n\t\t<\/div>\n\t\t<style id=\"core-7901b31-core-block-supports-inline-css\"><\/style>\t\t\t\t<\/div>\n\t\t\t\t<\/div>\n\t\t\t\t<div class=\"elementor-element elementor-element-2452b0c elementor-widget elementor-widget-heading\" data-id=\"2452b0c\" data-element_type=\"widget\" data-widget_type=\"heading.default\">\n\t\t\t\t<div class=\"elementor-widget-container\">\n\t\t\t\t\t<h2 class=\"elementor-heading-title elementor-size-default\">Miejsce Fina\u0142owe<\/h2><style id=\"core-2452b0c-core-block-supports-inline-css\"><\/style>\t\t\t\t<\/div>\n\t\t\t\t<\/div>\n\t\t\t\t<div class=\"elementor-element elementor-element-87ab0db elementor-widget elementor-widget-text-editor\" data-id=\"87ab0db\" data-element_type=\"widget\" data-widget_type=\"text-editor.default\">\n\t\t\t\t<div class=\"elementor-widget-container\">\n\t\t\t\t\t\t\t\t\t<p>Mistrzostwa Polski Programist\u00f3w PLC 2019 &#8220;Kategoria Ekspert&#8221;<\/p><p><strong>Krystian Loranc\u00a0<\/strong><\/p>\t\t\t\t<style id=\"core-87ab0db-core-block-supports-inline-css\"><\/style>\t\t\t\t<\/div>\n\t\t\t\t<\/div>\n\t\t\t\t<div class=\"elementor-element elementor-element-f219a4a elementor-widget elementor-widget-button\" data-id=\"f219a4a\" data-element_type=\"widget\" data-widget_type=\"button.default\">\n\t\t\t\t<div class=\"elementor-widget-container\">\n\t\t\t\t\t\t\t\t\t<div class=\"elementor-button-wrapper\">\n\t\t\t\t\t<a class=\"elementor-button elementor-button-link elementor-size-sm elementor-animation-pop\" href=\"https:\/\/www.facebook.com\/ControlEngineers\">\n\t\t\t\t\t\t<span class=\"elementor-button-content-wrapper\">\n\t\t\t\t\t\t\t\t\t<span class=\"elementor-button-text\">Wi\u0119cej \u00bb<\/span>\n\t\t\t\t\t<\/span>\n\t\t\t\t\t<\/a>\n\t\t\t\t<\/div>\n\t\t\t\t<style id=\"core-f219a4a-core-block-supports-inline-css\"><\/style>\t\t\t\t<\/div>\n\t\t\t\t<\/div>\n\t\t\t\t\t<\/div>\n\t\t<\/div>\n\t\t\t\t<div class=\"elementor-column elementor-col-33 elementor-top-column elementor-element elementor-element-d921335\" data-id=\"d921335\" data-element_type=\"column\">\n\t\t\t<div class=\"elementor-widget-wrap elementor-element-populated\">\n\t\t\t\t\t\t<div class=\"elementor-element elementor-element-7c4258a elementor-view-stacked elementor-shape-circle elementor-widget elementor-widget-icon\" data-id=\"7c4258a\" data-element_type=\"widget\" data-widget_type=\"icon.default\">\n\t\t\t\t<div class=\"elementor-widget-container\">\n\t\t\t\t\t\t\t<div class=\"elementor-icon-wrapper\">\n\t\t\t<div class=\"elementor-icon elementor-animation-grow\">\n\t\t\t<svg xmlns=\"http:\/\/www.w3.org\/2000\/svg\" width=\"18\" height=\"18\" viewBox=\"0 0 18 18\"><title>trophy1<\/title><path d=\"M17 3h-3v-1c0-0.552-0.448-1-1-1h-8c-0.552 0-1 0.448-1 1v1h-3c-0.552 0-1 0.448-1 1v2c0 1.607 1.065 4 4 4h0.419c0.643 1.47 1.971 2.572 3.581 2.9v2.1h-1c-1.105 0-2 0.896-2 2h8c0-1.105-0.896-2-2-2h-1v-2.1c1.61-0.327 2.938-1.43 3.581-2.9h0.419c2.935 0 4-2.393 4-4v-2c0-0.552-0.448-1-1-1zM4 8c-1.826 0-1.992-1.536-2-2v-1h2v3zM12 8.624l-0.251 0.575c-0.478 1.094-1.557 1.801-2.749 1.801s-2.27-0.707-2.749-1.801l-0.251-0.575v-5.624h6v5.624zM16 6c0 0.334-0.097 2-2 2v-3h2v1z\"><\/path><path d=\"M14.022 10.022c0.015 0 0.017-0.005-0.022-0.022v0.020c0.008 0.001 0.017 0.002 0.022 0.002z\"><\/path><path d=\"M3.978 10.022c0.006 0 0.014-0.001 0.022-0.002v-0.020c-0.040 0.017-0.038 0.022-0.022 0.022z\"><\/path><\/svg>\t\t\t<\/div>\n\t\t<\/div>\n\t\t<style id=\"core-7c4258a-core-block-supports-inline-css\"><\/style>\t\t\t\t<\/div>\n\t\t\t\t<\/div>\n\t\t\t\t<div class=\"elementor-element elementor-element-829b5e4 elementor-widget elementor-widget-heading\" data-id=\"829b5e4\" data-element_type=\"widget\" data-widget_type=\"heading.default\">\n\t\t\t\t<div class=\"elementor-widget-container\">\n\t\t\t\t\t<h2 class=\"elementor-heading-title elementor-size-default\">Trzecie Miejsce<\/h2><style id=\"core-829b5e4-core-block-supports-inline-css\"><\/style>\t\t\t\t<\/div>\n\t\t\t\t<\/div>\n\t\t\t\t<div class=\"elementor-element elementor-element-9b1c04c elementor-widget elementor-widget-text-editor\" data-id=\"9b1c04c\" data-element_type=\"widget\" data-widget_type=\"text-editor.default\">\n\t\t\t\t<div class=\"elementor-widget-container\">\n\t\t\t\t\t\t\t\t\t<p><span class=\"NormalTextRun SCXW160283195 BCX0\">World <\/span><span class=\"SpellingError SCXW160283195 BCX0\">Skills<\/span><span class=\"NormalTextRun SCXW160283195 BCX0\"> Poland 2022 <\/span>&nbsp; &nbsp; &nbsp; &nbsp;<span style=\"color: var( --e-global-color-text ); font-family: var( --e-global-typography-text-font-family ), Sans-serif; font-weight: var( --e-global-typography-text-font-weight ); font-size: 1rem;\">mechatronika<\/span><\/p>\n<p><strong><span class=\"NormalTextRun SCXW160283195 BCX0\">Konrad Ozga, Pawe\u0142 <\/span><span class=\"SpellingError SCXW160283195 BCX0\">Duma\u0144ski<\/span><\/strong><\/p>\t\t\t\t<style id=\"core-9b1c04c-core-block-supports-inline-css\"><\/style>\t\t\t\t<\/div>\n\t\t\t\t<\/div>\n\t\t\t\t<div class=\"elementor-element elementor-element-7f6994c elementor-widget elementor-widget-button\" data-id=\"7f6994c\" data-element_type=\"widget\" data-widget_type=\"button.default\">\n\t\t\t\t<div class=\"elementor-widget-container\">\n\t\t\t\t\t\t\t\t\t<div class=\"elementor-button-wrapper\">\n\t\t\t\t\t<a class=\"elementor-button elementor-button-link elementor-size-sm elementor-animation-pop\" href=\"https:\/\/www.facebook.com\/ControlEngineers\">\n\t\t\t\t\t\t<span class=\"elementor-button-content-wrapper\">\n\t\t\t\t\t\t\t\t\t<span class=\"elementor-button-text\">Wi\u0119cej \u00bb<\/span>\n\t\t\t\t\t<\/span>\n\t\t\t\t\t<\/a>\n\t\t\t\t<\/div>\n\t\t\t\t<style id=\"core-7f6994c-core-block-supports-inline-css\"><\/style>\t\t\t\t<\/div>\n\t\t\t\t<\/div>\n\t\t\t\t\t<\/div>\n\t\t<\/div>\n\t\t\t\t<div class=\"elementor-column elementor-col-33 elementor-top-column elementor-element elementor-element-33b867a\" data-id=\"33b867a\" data-element_type=\"column\">\n\t\t\t<div class=\"elementor-widget-wrap elementor-element-populated\">\n\t\t\t\t\t\t<div class=\"elementor-element elementor-element-ed5d9f4 elementor-view-stacked elementor-shape-circle elementor-widget elementor-widget-icon\" data-id=\"ed5d9f4\" data-element_type=\"widget\" data-widget_type=\"icon.default\">\n\t\t\t\t<div class=\"elementor-widget-container\">\n\t\t\t\t\t\t\t<div class=\"elementor-icon-wrapper\">\n\t\t\t<div class=\"elementor-icon elementor-animation-grow\">\n\t\t\t<svg xmlns=\"http:\/\/www.w3.org\/2000\/svg\" width=\"18\" height=\"18\" viewBox=\"0 0 18 18\"><title>trophy1<\/title><path d=\"M17 3h-3v-1c0-0.552-0.448-1-1-1h-8c-0.552 0-1 0.448-1 1v1h-3c-0.552 0-1 0.448-1 1v2c0 1.607 1.065 4 4 4h0.419c0.643 1.47 1.971 2.572 3.581 2.9v2.1h-1c-1.105 0-2 0.896-2 2h8c0-1.105-0.896-2-2-2h-1v-2.1c1.61-0.327 2.938-1.43 3.581-2.9h0.419c2.935 0 4-2.393 4-4v-2c0-0.552-0.448-1-1-1zM4 8c-1.826 0-1.992-1.536-2-2v-1h2v3zM12 8.624l-0.251 0.575c-0.478 1.094-1.557 1.801-2.749 1.801s-2.27-0.707-2.749-1.801l-0.251-0.575v-5.624h6v5.624zM16 6c0 0.334-0.097 2-2 2v-3h2v1z\"><\/path><path d=\"M14.022 10.022c0.015 0 0.017-0.005-0.022-0.022v0.020c0.008 0.001 0.017 0.002 0.022 0.002z\"><\/path><path d=\"M3.978 10.022c0.006 0 0.014-0.001 0.022-0.002v-0.020c-0.040 0.017-0.038 0.022-0.022 0.022z\"><\/path><\/svg>\t\t\t<\/div>\n\t\t<\/div>\n\t\t<style id=\"core-ed5d9f4-core-block-supports-inline-css\"><\/style>\t\t\t\t<\/div>\n\t\t\t\t<\/div>\n\t\t\t\t<div class=\"elementor-element elementor-element-bf6002c elementor-widget elementor-widget-heading\" data-id=\"bf6002c\" data-element_type=\"widget\" data-widget_type=\"heading.default\">\n\t\t\t\t<div class=\"elementor-widget-container\">\n\t\t\t\t\t<h2 class=\"elementor-heading-title elementor-size-default\">Miejsce Fina\u0142owe\u200b<\/h2><style id=\"core-bf6002c-core-block-supports-inline-css\"><\/style>\t\t\t\t<\/div>\n\t\t\t\t<\/div>\n\t\t\t\t<div class=\"elementor-element elementor-element-951e478 elementor-widget elementor-widget-text-editor\" data-id=\"951e478\" data-element_type=\"widget\" data-widget_type=\"text-editor.default\">\n\t\t\t\t<div class=\"elementor-widget-container\">\n\t\t\t\t\t\t\t\t\t<p>Mistrzostwa Polski Programist\u00f3w PLC 2021 &#8220;Kategoria Wago&#8221;<\/p><p><strong><span class=\"TextRun SCXW177157053 BCX0\" lang=\"PL-PL\" xml:lang=\"PL-PL\" data-contrast=\"auto\"><span class=\"NormalTextRun SCXW177157053 BCX0\">Kamil Cio\u0142ka<\/span><\/span><\/strong><\/p>\t\t\t\t<style id=\"core-951e478-core-block-supports-inline-css\"><\/style>\t\t\t\t<\/div>\n\t\t\t\t<\/div>\n\t\t\t\t<div class=\"elementor-element elementor-element-b1c46b3 elementor-widget elementor-widget-button\" data-id=\"b1c46b3\" data-element_type=\"widget\" data-widget_type=\"button.default\">\n\t\t\t\t<div class=\"elementor-widget-container\">\n\t\t\t\t\t\t\t\t\t<div class=\"elementor-button-wrapper\">\n\t\t\t\t\t<a class=\"elementor-button elementor-button-link elementor-size-sm elementor-animation-pop\" href=\"https:\/\/www.facebook.com\/ControlEngineers\">\n\t\t\t\t\t\t<span class=\"elementor-button-content-wrapper\">\n\t\t\t\t\t\t\t\t\t<span class=\"elementor-button-text\">Wi\u0119cej \u00bb<\/span>\n\t\t\t\t\t<\/span>\n\t\t\t\t\t<\/a>\n\t\t\t\t<\/div>\n\t\t\t\t<style id=\"core-b1c46b3-core-block-supports-inline-css\"><\/style>\t\t\t\t<\/div>\n\t\t\t\t<\/div>\n\t\t\t\t\t<\/div>\n\t\t<\/div>\n\t\t\t\t\t<\/div>\n\t\t<\/section>\n\t\t\t\t<\/div>\n\t\t","protected":false},"excerpt":{"rendered":"<p>Nasze Osi\u0105gni\u0119cia trophy1 Drugie Miejsce Studenckie Mistrzostwa Automatyk\u00f3w 2022\u00a0 Konrad Ozga, Krystian Loranc\u00a0 Wi\u0119cej \u00bb trophy1 Pierwsze Miejsce Mistrzostwa Polski Programist\u00f3w PLC 2020\u00a0 &#8220;Kategoria Ekspert&#8221;\u00a0\u00a0 Krystian Loranc Wi\u0119cej \u00bb trophy1 Trzecie Miejsce Mistrzostwa Algorytmiki i Programowania Przemys\u0142u 2022 Maksymilian Grabowy, Oliwier Cie\u015blik Wi\u0119cej \u00bb trophy1 Miejsce Fina\u0142owe Mistrzostwa Polski Programist\u00f3w PLC 2019 &#8220;Kategoria Ekspert&#8221; Krystian [&hellip;]<\/p>\n","protected":false},"author":1,"featured_media":0,"parent":0,"menu_order":0,"comment_status":"closed","ping_status":"closed","template":"elementor_header_footer","meta":{"_uag_custom_page_level_css":"","iawp_total_views":29,"footnotes":""},"class_list":["post-503","page","type-page","status-publish","hentry"],"blocksy_meta":[],"uagb_featured_image_src":{"full":false,"thumbnail":false,"medium":false,"medium_large":false,"large":false,"1536x1536":false,"2048x2048":false},"uagb_author_info":{"display_name":"Maks","author_link":"https:\/\/ce.polsl.pl\/index.php\/author\/maks\/"},"uagb_comment_info":0,"uagb_excerpt":"Nasze Osi\u0105gni\u0119cia trophy1 Drugie Miejsce Studenckie Mistrzostwa Automatyk\u00f3w 2022\u00a0 Konrad Ozga, Krystian Loranc\u00a0 Wi\u0119cej \u00bb trophy1 Pierwsze Miejsce Mistrzostwa Polski Programist\u00f3w PLC 2020\u00a0 &#8220;Kategoria Ekspert&#8221;\u00a0\u00a0 Krystian Loranc Wi\u0119cej \u00bb trophy1 Trzecie Miejsce Mistrzostwa Algorytmiki i Programowania Przemys\u0142u 2022 Maksymilian Grabowy, Oliwier Cie\u015blik Wi\u0119cej \u00bb trophy1 Miejsce Fina\u0142owe Mistrzostwa Polski Programist\u00f3w PLC 2019 &#8220;Kategoria Ekspert&#8221; Krystian&hellip;","_links":{"self":[{"href":"https:\/\/ce.polsl.pl\/index.php\/wp-json\/wp\/v2\/pages\/503","targetHints":{"allow":["GET"]}}],"collection":[{"href":"https:\/\/ce.polsl.pl\/index.php\/wp-json\/wp\/v2\/pages"}],"about":[{"href":"https:\/\/ce.polsl.pl\/index.php\/wp-json\/wp\/v2\/types\/page"}],"author":[{"embeddable":true,"href":"https:\/\/ce.polsl.pl\/index.php\/wp-json\/wp\/v2\/users\/1"}],"replies":[{"embeddable":true,"href":"https:\/\/ce.polsl.pl\/index.php\/wp-json\/wp\/v2\/comments?post=503"}],"version-history":[{"count":32,"href":"https:\/\/ce.polsl.pl\/index.php\/wp-json\/wp\/v2\/pages\/503\/revisions"}],"predecessor-version":[{"id":888,"href":"https:\/\/ce.polsl.pl\/index.php\/wp-json\/wp\/v2\/pages\/503\/revisions\/888"}],"wp:attachment":[{"href":"https:\/\/ce.polsl.pl\/index.php\/wp-json\/wp\/v2\/media?parent=503"}],"curies":[{"name":"wp","href":"https:\/\/api.w.org\/{rel}","templated":true}]}}